{"id":15,"date":"2024-02-25T00:27:40","date_gmt":"2024-02-25T00:27:40","guid":{"rendered":"https:\/\/iglesiacasadedios.org.mx\/?page_id=15"},"modified":"2024-03-17T01:16:56","modified_gmt":"2024-03-17T01:16:56","slug":"declaracion-de-fe","status":"publish","type":"page","link":"https:\/\/iglesiacasadedios.org.mx\/en\/declaracion-de-fe\/","title":{"rendered":"Declaration of faith"},"content":{"rendered":"<div data-elementor-type=\"wp-page\" data-elementor-id=\"15\" class=\"elementor elementor-15\" data-elementor-post-type=\"page\">\n\t\t\t\t<div class=\"elementor-element elementor-element-ecff62a e-flex e-con-boxed e-con e-parent\" data-id=\"ecff62a\" data-element_type=\"container\">\n\t\t\t\t\t<div class=\"e-con-inner\">\n\t\t<div class=\"elementor-element elementor-element-cac19e2 e-flex e-con-boxed e-con e-child\" data-id=\"cac19e2\" data-element_type=\"container\">\n\t\t\t\t\t<div class=\"e-con-inner\">\n\t\t<div class=\"elementor-element elementor-element-5094cda e-con-full e-flex e-con e-child\" data-id=\"5094cda\" data-element_type=\"container\">\n\t\t\t\t<div class=\"elementor-element elementor-element-e7ac9d5 elementor-invisible elementor-widget elementor-widget-image\" data-id=\"e7ac9d5\" data-element_type=\"widget\" data-settings=\"{&quot;_animation&quot;:&quot;fadeIn&quot;,&quot;_animation_delay&quot;:1000}\" data-widget_type=\"image.default\">\n\t\t\t\t<div class=\"elementor-widget-container\">\n\t\t\t<style>\/*! elementor - v3.22.0 - 26-06-2024 *\/\n.elementor-widget-image{text-align:center}.elementor-widget-image a{display:inline-block}.elementor-widget-image a img[src$=\".svg\"]{width:48px}.elementor-widget-image img{vertical-align:middle;display:inline-block}<\/style>\t\t\t\t\t\t\t\t\t\t<img fetchpriority=\"high\" decoding=\"async\" width=\"1960\" height=\"861\" src=\"https:\/\/iglesiacasadedios.org.mx\/wp-content\/uploads\/2024\/02\/hand-holding-wood-cross-pray-for-blessings-from-g-2023-11-27-05-00-21-utc.jpg\" class=\"attachment-full size-full wp-image-97\" alt=\"\" srcset=\"https:\/\/iglesiacasadedios.org.mx\/wp-content\/uploads\/2024\/02\/hand-holding-wood-cross-pray-for-blessings-from-g-2023-11-27-05-00-21-utc.jpg 1960w, https:\/\/iglesiacasadedios.org.mx\/wp-content\/uploads\/2024\/02\/hand-holding-wood-cross-pray-for-blessings-from-g-2023-11-27-05-00-21-utc-300x132.jpg 300w, https:\/\/iglesiacasadedios.org.mx\/wp-content\/uploads\/2024\/02\/hand-holding-wood-cross-pray-for-blessings-from-g-2023-11-27-05-00-21-utc-1024x450.jpg 1024w, https:\/\/iglesiacasadedios.org.mx\/wp-content\/uploads\/2024\/02\/hand-holding-wood-cross-pray-for-blessings-from-g-2023-11-27-05-00-21-utc-768x337.jpg 768w, https:\/\/iglesiacasadedios.org.mx\/wp-content\/uploads\/2024\/02\/hand-holding-wood-cross-pray-for-blessings-from-g-2023-11-27-05-00-21-utc-1536x675.jpg 1536w, https:\/\/iglesiacasadedios.org.mx\/wp-content\/uploads\/2024\/02\/hand-holding-wood-cross-pray-for-blessings-from-g-2023-11-27-05-00-21-utc-18x8.jpg 18w\" sizes=\"(max-width: 1960px) 100vw, 1960px\" \/>\t\t\t\t\t\t\t\t\t\t\t\t\t<\/div>\n\t\t\t\t<\/div>\n\t\t\t\t<div class=\"elementor-element elementor-element-4554b2e elementor-invisible elementor-widget elementor-widget-text-editor\" data-id=\"4554b2e\" data-element_type=\"widget\" data-settings=\"{&quot;_animation&quot;:&quot;fadeIn&quot;,&quot;_animation_delay&quot;:500}\" data-widget_type=\"text-editor.default\">\n\t\t\t\t<div class=\"elementor-widget-container\">\n\t\t\t<style>\/*! elementor - v3.22.0 - 26-06-2024 *\/\n.elementor-widget-text-editor.elementor-drop-cap-view-stacked .elementor-drop-cap{background-color:#69727d;color:#fff}.elementor-widget-text-editor.elementor-drop-cap-view-framed .elementor-drop-cap{color:#69727d;border:3px solid;background-color:transparent}.elementor-widget-text-editor:not(.elementor-drop-cap-view-default) .elementor-drop-cap{margin-top:8px}.elementor-widget-text-editor:not(.elementor-drop-cap-view-default) .elementor-drop-cap-letter{width:1em;height:1em}.elementor-widget-text-editor .elementor-drop-cap{float:left;text-align:center;line-height:1;font-size:50px}.elementor-widget-text-editor .elementor-drop-cap-letter{display:inline-block}<\/style>\t\t\t\t<p style=\"text-align: center;\">What do we believe?<\/p><p style=\"text-align: center;\"><span style=\"text-decoration: underline;\"><strong>Doctrine or Declaration of Faith.<\/strong><\/span><\/p><p style=\"text-align: center;\"><span style=\"text-decoration: underline;\"><strong>Divine inspiration from the Bible<\/strong><\/span><\/p><p>The Bible is the Word of <strong>God<\/strong>, without errors or failures, since it was inspired by the Holy Spirit to those who wrote it, whom it preserved from all error.<\/p>\t\t\t\t\t\t<\/div>\n\t\t\t\t<\/div>\n\t\t\t\t<div class=\"elementor-element elementor-element-9c1142e elementor-invisible elementor-widget elementor-widget-text-editor\" data-id=\"9c1142e\" data-element_type=\"widget\" data-settings=\"{&quot;_animation&quot;:&quot;fadeIn&quot;,&quot;_animation_delay&quot;:1000}\" data-widget_type=\"text-editor.default\">\n\t\t\t\t<div class=\"elementor-widget-container\">\n\t\t\t\t\t\t\t<p style=\"text-align: center;\"><span style=\"text-decoration: underline;\"><strong>The existence of only one real and true God<\/strong><\/span><\/p><p>We worship the only, eternal and true <strong>God<\/strong>: only one which manifested itself as <strong>Father<\/strong> in the creation of the universe, <strong>Son<\/strong> in the redemption of humanity and <strong>Holy Spirit<\/strong> in the regeneration of man and the sanctification of the Church, which is the creator and sustainer of visible and invisible beings and things.<\/p>\t\t\t\t\t\t<\/div>\n\t\t\t\t<\/div>\n\t\t\t\t<div class=\"elementor-element elementor-element-8bd6c31 elementor-invisible elementor-widget elementor-widget-text-editor\" data-id=\"8bd6c31\" data-element_type=\"widget\" data-settings=\"{&quot;_animation&quot;:&quot;fadeIn&quot;,&quot;_animation_delay&quot;:1500}\" data-widget_type=\"text-editor.default\">\n\t\t\t\t<div class=\"elementor-widget-container\">\n\t\t\t\t\t\t\t<p style=\"text-align: center;\"><span style=\"text-decoration: underline;\"><strong>Full and total deity of Jesus Christ<\/strong><\/span><\/p><p>The Lord <strong>JESUS \u200b\u200bCHRIST<\/strong> He is the only savior and mediator between God and men. We confess his Deity; his true and proper humanity; his virgin birth; his immaculate life, the redemption of our sins by his blood in his atoning and vicarious death; his bodily resurrection; his ascension to glory; the promised return of him in the air to rapture his own before the great tribulation, resurrecting the dead and transforming together those who live, to constitute the Tribunal that awards him and celebrate the Marriage of the Lamb; his coming to earth with his saints to establish his millennial kingdom, resurrection and final judgment; the new heavens and the new earth.<\/p>\t\t\t\t\t\t<\/div>\n\t\t\t\t<\/div>\n\t\t\t\t<div class=\"elementor-element elementor-element-1e2318c elementor-invisible elementor-widget elementor-widget-text-editor\" data-id=\"1e2318c\" data-element_type=\"widget\" data-settings=\"{&quot;_animation&quot;:&quot;fadeIn&quot;,&quot;_animation_delay&quot;:2000}\" data-widget_type=\"text-editor.default\">\n\t\t\t\t<div class=\"elementor-widget-container\">\n\t\t\t\t\t\t\t<p style=\"text-align: center;\"><span style=\"text-decoration: underline;\"><strong>Salvation by grace and condemnation of the sinner<\/strong><\/span><\/p><p>Salvation by grace, not by works, received through repentance toward God and faith in the Lord <strong>JESUS \u200b\u200bCHRIST<\/strong>. The eternal happiness of the saved and the eternal punishment of the lost.<\/p>\t\t\t\t\t\t<\/div>\n\t\t\t\t<\/div>\n\t\t\t\t<div class=\"elementor-element elementor-element-56d47ec elementor-invisible elementor-widget elementor-widget-text-editor\" data-id=\"56d47ec\" data-element_type=\"widget\" data-settings=\"{&quot;_animation&quot;:&quot;fadeIn&quot;,&quot;_animation_delay&quot;:2000}\" data-widget_type=\"text-editor.default\">\n\t\t\t\t<div class=\"elementor-widget-container\">\n\t\t\t\t\t\t\t<p style=\"text-align: center;\"><span style=\"text-decoration: underline;\"><strong>The Holy Spirit sanctifying the Church<\/strong><\/span><\/p><p>The current personal work of <strong>Holy Spirit<\/strong>, the only vicar of the Lord Jesus on earth, whom he glorifies by forming <strong>Church<\/strong>, begetting, sanctifying, endowing and spiritually fruiting believers.<\/p>\t\t\t\t\t\t<\/div>\n\t\t\t\t<\/div>\n\t\t\t\t<div class=\"elementor-element elementor-element-669c05b elementor-invisible elementor-widget elementor-widget-text-editor\" data-id=\"669c05b\" data-element_type=\"widget\" data-settings=\"{&quot;_animation&quot;:&quot;fadeIn&quot;,&quot;_animation_delay&quot;:2000}\" data-widget_type=\"text-editor.default\">\n\t\t\t\t<div class=\"elementor-widget-container\">\n\t\t\t\t\t\t\t<p style=\"text-align: center;\"><span style=\"text-decoration: underline;\"><strong>Christ, head of the Church<\/strong><\/span><\/p><p><strong>Church<\/strong> is the body of <strong>Christ<\/strong>, who is its foundation, head, Lord, only pontiff and husband. It is the pillar and support of the truth; Its main purposes are to preach, defend and confirm the Gospel through a theocratic, biblical and congregational government as a spiritual, non-denominational or sectarian house where the substantial spiritual unity of the born again and their vocation to the unity of faith in doctrine and practices, to manifest full communion, manifests us as children of God<\/p>\t\t\t\t\t\t<\/div>\n\t\t\t\t<\/div>\n\t\t\t\t<div class=\"elementor-element elementor-element-55eeef0 elementor-invisible elementor-widget elementor-widget-text-editor\" data-id=\"55eeef0\" data-element_type=\"widget\" data-settings=\"{&quot;_animation&quot;:&quot;fadeIn&quot;,&quot;_animation_delay&quot;:2000}\" data-widget_type=\"text-editor.default\">\n\t\t\t\t<div class=\"elementor-widget-container\">\n\t\t\t\t\t\t\t<p style=\"text-align: center;\"><span style=\"text-decoration: underline;\"><strong>The ordinances<\/strong>:<\/span><\/p><p>Baptism by immersion of believers.<\/p><p>The memorial of the Lord's Supper (Saint's Supper)<\/p>\t\t\t\t\t\t<\/div>\n\t\t\t\t<\/div>\n\t\t\t\t<\/div>\n\t\t<div class=\"elementor-element elementor-element-4b70358 e-flex e-con-boxed e-con e-child\" data-id=\"4b70358\" data-element_type=\"container\">\n\t\t\t\t\t<div class=\"e-con-inner\">\n\t\t\t\t<div class=\"elementor-element elementor-element-d1553a8 elementor-widget elementor-widget-facebook-page\" data-id=\"d1553a8\" data-element_type=\"widget\" data-widget_type=\"facebook-page.default\">\n\t\t\t\t<div class=\"elementor-widget-container\">\n\t\t\t<style>\/*! elementor-pro - v3.21.0 - 20-05-2024 *\/\n.elementor-facebook-widget.fb_iframe_widget,.elementor-facebook-widget.fb_iframe_widget span{width:100%!important}.elementor-facebook-widget.fb_iframe_widget iframe{position:relative;width:100%!important}.elementor-facebook-widget.fb-like{height:1px}.elementor-widget-facebook-comments iframe{width:100%!important}<\/style><div class=\"elementor-facebook-widget fb-page\" data-href=\"https:\/\/www.facebook.com\/MinisteriosCristianosICD\" data-tabs=\"timeline\" data-height=\"500px\" data-width=\"500px\" data-small-header=\"false\" data-hide-cover=\"false\" data-show-facepile=\"true\" data-hide-cta=\"false\" style=\"min-height: 1px;height:500px\"><\/div>\t\t<\/div>\n\t\t\t\t<\/div>\n\t\t\t\t\t<\/div>\n\t\t\t\t<\/div>\n\t\t\t\t\t<\/div>\n\t\t\t\t<\/div>\n\t\t\t\t\t<\/div>\n\t\t\t\t<\/div>\n\t\t\t\t<\/div>","protected":false},"excerpt":{"rendered":"<p>\u00bfQu\u00e9 creemos? Doctrina o Declaraci\u00f3n de Fe. Inspiraci\u00f3n divina de la Biblia La Biblia es la Palabra de Dios, sin errores o fallos, ya que fue inspirada por el Esp\u00edritu Santo a los que la escribieron, a quienes preserv\u00f3 de todo error. La existencia de un solo Dios real y verdadero Adoramos al \u00fanico, eterno [&hellip;]<\/p>","protected":false},"author":1,"featured_media":0,"parent":0,"menu_order":0,"comment_status":"closed","ping_status":"closed","template":"elementor_header_footer","meta":{"footnotes":""},"class_list":["post-15","page","type-page","status-publish","hentry"],"_links":{"self":[{"href":"https:\/\/iglesiacasadedios.org.mx\/en\/wp-json\/wp\/v2\/pages\/15","targetHints":{"allow":["GET"]}}],"collection":[{"href":"https:\/\/iglesiacasadedios.org.mx\/en\/wp-json\/wp\/v2\/pages"}],"about":[{"href":"https:\/\/iglesiacasadedios.org.mx\/en\/wp-json\/wp\/v2\/types\/page"}],"author":[{"embeddable":true,"href":"https:\/\/iglesiacasadedios.org.mx\/en\/wp-json\/wp\/v2\/users\/1"}],"replies":[{"embeddable":true,"href":"https:\/\/iglesiacasadedios.org.mx\/en\/wp-json\/wp\/v2\/comments?post=15"}],"version-history":[{"count":19,"href":"https:\/\/iglesiacasadedios.org.mx\/en\/wp-json\/wp\/v2\/pages\/15\/revisions"}],"predecessor-version":[{"id":180,"href":"https:\/\/iglesiacasadedios.org.mx\/en\/wp-json\/wp\/v2\/pages\/15\/revisions\/180"}],"wp:attachment":[{"href":"https:\/\/iglesiacasadedios.org.mx\/en\/wp-json\/wp\/v2\/media?parent=15"}],"curies":[{"name":"wp","href":"https:\/\/api.w.org\/{rel}","templated":true}]}}